{"id":190,"date":"2025-01-29T17:48:44","date_gmt":"2025-01-29T17:48:44","guid":{"rendered":"https:\/\/nogueiradigitalsites.com.br\/?page_id=190"},"modified":"2025-01-29T17:48:50","modified_gmt":"2025-01-29T17:48:50","slug":"about","status":"publish","type":"page","link":"https:\/\/nogueiradigitalsites.com.br\/it\/about\/","title":{"rendered":"Chi siamo"},"content":{"rendered":"<!--advertisement--><div class=\"mx-5 sm:mx-0 sm:text-3xl text-2xl font-medium title-font mb-4 text-gray-900 text-left\">\n<h2 class=\"wp-block-heading\"><strong>Imparare non \u00e8 mai stato cos\u00ec facile e accessibile!<\/strong><\/h2>\n<\/div><div class=\"mx-5 sm:mx-0 prose leading-relaxed text-lg mb-5 text-left wp-paragraph\">\n<p>Nodo <strong>Siti digitali di Nogueira<\/strong>, crediamo che <strong>la conoscenza trasforma le vite<\/strong>Il nostro scopo \u00e8 essere il tuo principale <strong>guida al mondo dei corsi, app e consigli utili<\/strong>, aiutandoti a trovare gli strumenti migliori per imparare qualcosa di nuovo e ottimizzare la tua vita quotidiana.<\/p>\n<\/div><div class=\"mx-5 sm:mx-0 prose leading-relaxed text-lg mb-5 text-left wp-paragraph\">\n<p>Qui troverai contenuti curati e organizzati per facilitare il tuo percorso di apprendimento. Che tu stia esplorando un <strong>nuovo corso online<\/strong>, scoprendo <strong>app che aumentano la tua produttivit\u00e0<\/strong> o trovare <strong>consigli pratici<\/strong> per migliorare le tue competenze, siamo qui per aiutarti a fare il passo successivo.<\/p>\n<\/div><!--advertisement--><div class=\"mx-5 sm:mx-0 sm:text-3xl text-2xl font-medium title-font mb-4 text-gray-900 text-left\">\n<h2 class=\"wp-block-heading\"><strong>Chi siamo?<\/strong><\/h2>\n<\/div><div class=\"mx-5 sm:mx-0 prose leading-relaxed text-lg mb-5 text-left wp-paragraph\">\n<p>IL <strong>Siti digitali di Nogueira<\/strong> nasce dal desiderio di <strong>rendere l&#039;apprendimento pi\u00f9 accessibile, pratico e pertinente<\/strong>Il nostro team \u00e8 composto da persone appassionate di tecnologia e istruzione, impegnate a raccogliere informazioni affidabili e sempre aggiornate.<\/p>\n<\/div><div class=\"mx-5 sm:mx-0 prose leading-relaxed text-lg mb-5 text-left wp-paragraph\">\n<p>Non siamo solo un sito di raccomandazioni, siamo un <strong>spazio creato per connetterti alla conoscenza<\/strong>, sia attraverso corsi di qualit\u00e0, applicazioni innovative o contenuti che fanno davvero la differenza nella tua crescita personale e professionale.<\/p>\n<\/div><!--advertisement--><div class=\"mx-5 sm:mx-0 sm:text-3xl text-2xl font-medium title-font mb-4 text-gray-900 text-left\">\n<h2 class=\"wp-block-heading\"><strong>La tua voce conta!<\/strong><\/h2>\n<\/div><div class=\"mx-5 sm:mx-0 prose leading-relaxed text-lg mb-5 text-left wp-paragraph\">\n<p>Vogliamo fare il <strong>Siti digitali di Nogueira<\/strong> sempre pi\u00f9 utili e pertinenti per te. I tuoi suggerimenti sono essenziali per costruire uno spazio che soddisfi le tue esigenze e aspettative.<\/p>\n<\/div><div class=\"mx-5 sm:mx-0 prose leading-relaxed text-lg mb-5 text-left wp-paragraph\">\n<p>C&#039;\u00e8 qualcosa che vorresti vedere qui? Condividi le tue idee con noi! Siamo sempre aperti ad ascoltare le tue opinioni e a migliorare i nostri contenuti per offrirti <strong>la migliore esperienza possibile<\/strong>.<\/p>\n<\/div><div class=\"mx-5 sm:mx-0 prose leading-relaxed text-lg mb-5 text-left wp-paragraph\">\n<p>Esplora, impara ed evolvi con <strong>Siti digitali di Nogueira<\/strong>!<\/p>\n<\/div>","protected":false},"excerpt":{"rendered":"<p>Aprender nunca foi t\u00e3o f\u00e1cil e acess\u00edvel! No Nogueira Digital Sites, acreditamos que o conhecimento transforma vidas. Nosso prop\u00f3sito \u00e9 ser seu principal guia no mundo dos cursos, aplicativos e dicas \u00fateis, ajudando voc\u00ea a encontrar as melhores ferramentas para aprender algo novo e otimizar seu dia a dia. Aqui, voc\u00ea encontra conte\u00fados selecionados e&hellip; <a class=\"more-link\" href=\"https:\/\/nogueiradigitalsites.com.br\/it\/about\/\">Continua a leggere <span class=\"screen-reader-text\">Chi siamo<\/span><\/a><\/p>","protected":false},"author":6,"featured_media":0,"parent":0,"menu_order":0,"comment_status":"closed","ping_status":"closed","template":"","meta":{"footnotes":""},"yoast_head":"<!-- This site is optimized with the Yoast SEO plugin v23.3 - https:\/\/yoast.com\/wordpress\/plugins\/seo\/ -->\n<title>Sobre N\u00f3s - NDS<\/title>\n<meta name=\"robots\" content=\"index, follow, max-snippet:-1, max-image-preview:large, max-video-preview:-1\" \/>\n<link rel=\"canonical\" href=\"https:\/\/nogueiradigitalsites.com.br\/it\/about\/\" \/>\n<meta property=\"og:locale\" content=\"it_IT\" \/>\n<meta property=\"og:type\" content=\"article\" \/>\n<meta property=\"og:title\" content=\"Sobre N\u00f3s - NDS\" \/>\n<meta property=\"og:description\" content=\"Aprender nunca foi t\u00e3o f\u00e1cil e acess\u00edvel! No Nogueira Digital Sites, acreditamos que o conhecimento transforma vidas. Nosso prop\u00f3sito \u00e9 ser seu principal guia no mundo dos cursos, aplicativos e dicas \u00fateis, ajudando voc\u00ea a encontrar as melhores ferramentas para aprender algo novo e otimizar seu dia a dia. Aqui, voc\u00ea encontra conte\u00fados selecionados e&hellip; Continue reading Sobre N\u00f3s\" \/>\n<meta property=\"og:url\" content=\"https:\/\/nogueiradigitalsites.com.br\/it\/about\/\" \/>\n<meta property=\"og:site_name\" content=\"NDS\" \/>\n<meta property=\"article:modified_time\" content=\"2025-01-29T17:48:50+00:00\" \/>\n<meta name=\"twitter:card\" content=\"summary_large_image\" \/>\n<meta name=\"twitter:label1\" content=\"Est. reading time\" \/>\n\t<meta name=\"twitter:data1\" content=\"2 minuti\" \/>\n<script type=\"application\/ld+json\" class=\"yoast-schema-graph\">{\"@context\":\"https:\/\/schema.org\",\"@graph\":[{\"@type\":\"WebPage\",\"@id\":\"https:\/\/nogueiradigitalsites.com.br\/about\/\",\"url\":\"https:\/\/nogueiradigitalsites.com.br\/about\/\",\"name\":\"Sobre N\u00f3s - NDS\",\"isPartOf\":{\"@id\":\"https:\/\/nogueiradigitalsites.com.br\/#website\"},\"datePublished\":\"2025-01-29T17:48:44+00:00\",\"dateModified\":\"2025-01-29T17:48:50+00:00\",\"breadcrumb\":{\"@id\":\"https:\/\/nogueiradigitalsites.com.br\/about\/#breadcrumb\"},\"inLanguage\":\"it-IT\",\"potentialAction\":[{\"@type\":\"ReadAction\",\"target\":[\"https:\/\/nogueiradigitalsites.com.br\/about\/\"]}]},{\"@type\":\"BreadcrumbList\",\"@id\":\"https:\/\/nogueiradigitalsites.com.br\/about\/#breadcrumb\",\"itemListElement\":[{\"@type\":\"ListItem\",\"position\":1,\"name\":\"Home\",\"item\":\"https:\/\/nogueiradigitalsites.com.br\/\"},{\"@type\":\"ListItem\",\"position\":2,\"name\":\"Sobre N\u00f3s\"}]},{\"@type\":\"WebSite\",\"@id\":\"https:\/\/nogueiradigitalsites.com.br\/#website\",\"url\":\"https:\/\/nogueiradigitalsites.com.br\/\",\"name\":\"NDS\",\"description\":\"\",\"potentialAction\":[{\"@type\":\"SearchAction\",\"target\":{\"@type\":\"EntryPoint\",\"urlTemplate\":\"https:\/\/nogueiradigitalsites.com.br\/?s={search_term_string}\"},\"query-input\":\"required name=search_term_string\"}],\"inLanguage\":\"it-IT\"}]}<\/script>\n<!-- \/ Yoast SEO plugin. -->","yoast_head_json":{"title":"Sobre N\u00f3s - NDS","robots":{"index":"index","follow":"follow","max-snippet":"max-snippet:-1","max-image-preview":"max-image-preview:large","max-video-preview":"max-video-preview:-1"},"canonical":"https:\/\/nogueiradigitalsites.com.br\/it\/about\/","og_locale":"it_IT","og_type":"article","og_title":"Sobre N\u00f3s - NDS","og_description":"Aprender nunca foi t\u00e3o f\u00e1cil e acess\u00edvel! No Nogueira Digital Sites, acreditamos que o conhecimento transforma vidas. Nosso prop\u00f3sito \u00e9 ser seu principal guia no mundo dos cursos, aplicativos e dicas \u00fateis, ajudando voc\u00ea a encontrar as melhores ferramentas para aprender algo novo e otimizar seu dia a dia. Aqui, voc\u00ea encontra conte\u00fados selecionados e&hellip; Continue reading Sobre N\u00f3s","og_url":"https:\/\/nogueiradigitalsites.com.br\/it\/about\/","og_site_name":"NDS","article_modified_time":"2025-01-29T17:48:50+00:00","twitter_card":"summary_large_image","twitter_misc":{"Est. reading time":"2 minuti"},"schema":{"@context":"https:\/\/schema.org","@graph":[{"@type":"WebPage","@id":"https:\/\/nogueiradigitalsites.com.br\/about\/","url":"https:\/\/nogueiradigitalsites.com.br\/about\/","name":"Sobre N\u00f3s - NDS","isPartOf":{"@id":"https:\/\/nogueiradigitalsites.com.br\/#website"},"datePublished":"2025-01-29T17:48:44+00:00","dateModified":"2025-01-29T17:48:50+00:00","breadcrumb":{"@id":"https:\/\/nogueiradigitalsites.com.br\/about\/#breadcrumb"},"inLanguage":"it-IT","potentialAction":[{"@type":"ReadAction","target":["https:\/\/nogueiradigitalsites.com.br\/about\/"]}]},{"@type":"BreadcrumbList","@id":"https:\/\/nogueiradigitalsites.com.br\/about\/#breadcrumb","itemListElement":[{"@type":"ListItem","position":1,"name":"Home","item":"https:\/\/nogueiradigitalsites.com.br\/"},{"@type":"ListItem","position":2,"name":"Sobre N\u00f3s"}]},{"@type":"WebSite","@id":"https:\/\/nogueiradigitalsites.com.br\/#website","url":"https:\/\/nogueiradigitalsites.com.br\/","name":"NDS","description":"","potentialAction":[{"@type":"SearchAction","target":{"@type":"EntryPoint","urlTemplate":"https:\/\/nogueiradigitalsites.com.br\/?s={search_term_string}"},"query-input":"required name=search_term_string"}],"inLanguage":"it-IT"}]}},"_links":{"self":[{"href":"https:\/\/nogueiradigitalsites.com.br\/it\/wp-json\/wp\/v2\/pages\/190"}],"collection":[{"href":"https:\/\/nogueiradigitalsites.com.br\/it\/wp-json\/wp\/v2\/pages"}],"about":[{"href":"https:\/\/nogueiradigitalsites.com.br\/it\/wp-json\/wp\/v2\/types\/page"}],"author":[{"embeddable":true,"href":"https:\/\/nogueiradigitalsites.com.br\/it\/wp-json\/wp\/v2\/users\/6"}],"replies":[{"embeddable":true,"href":"https:\/\/nogueiradigitalsites.com.br\/it\/wp-json\/wp\/v2\/comments?post=190"}],"version-history":[{"count":1,"href":"https:\/\/nogueiradigitalsites.com.br\/it\/wp-json\/wp\/v2\/pages\/190\/revisions"}],"predecessor-version":[{"id":191,"href":"https:\/\/nogueiradigitalsites.com.br\/it\/wp-json\/wp\/v2\/pages\/190\/revisions\/191"}],"wp:attachment":[{"href":"https:\/\/nogueiradigitalsites.com.br\/it\/wp-json\/wp\/v2\/media?parent=190"}],"curies":[{"name":"wp","href":"https:\/\/api.w.org\/{rel}","templated":true}]}}