{"id":190,"date":"2025-01-29T17:48:44","date_gmt":"2025-01-29T17:48:44","guid":{"rendered":"https:\/\/nogueiradigitalsites.com.br\/?page_id=190"},"modified":"2025-01-29T17:48:50","modified_gmt":"2025-01-29T17:48:50","slug":"about","status":"publish","type":"page","link":"https:\/\/nogueiradigitalsites.com.br\/es\/about\/","title":{"rendered":"Sobre nosotros"},"content":{"rendered":"<!--advertisement--><div class=\"mx-5 sm:mx-0 sm:text-3xl text-2xl font-medium title-font mb-4 text-gray-900 text-left\">\n<h2 class=\"wp-block-heading\"><strong>\u00a1Aprender nunca ha sido tan f\u00e1cil y accesible!<\/strong><\/h2>\n<\/div><div class=\"mx-5 sm:mx-0 prose leading-relaxed text-lg mb-5 text-left wp-paragraph\">\n<p>Nodo <strong>Sitios digitales de Nogueira<\/strong>Creemos que <strong>el conocimiento transforma vidas<\/strong>. Nuestro prop\u00f3sito es ser su principal <strong>Gu\u00eda del mundo de cursos, apps y consejos \u00fatiles<\/strong>, ayud\u00e1ndote a encontrar las mejores herramientas para aprender algo nuevo y optimizar tu vida diaria.<\/p>\n<\/div><div class=\"mx-5 sm:mx-0 prose leading-relaxed text-lg mb-5 text-left wp-paragraph\">\n<p>Aqu\u00ed encontrar\u00e1s contenido seleccionado y organizado para facilitar tu viaje de aprendizaje. Ya sea explorando un <strong>nuevo curso en l\u00ednea<\/strong>, descubriendo <strong>aplicaciones que aumentan tu productividad<\/strong> o encontrar <strong>consejos pr\u00e1cticos<\/strong> Para mejorar sus habilidades, estamos aqu\u00ed para ayudarle a dar el siguiente paso.<\/p>\n<\/div><!--advertisement--><div class=\"mx-5 sm:mx-0 sm:text-3xl text-2xl font-medium title-font mb-4 text-gray-900 text-left\">\n<h2 class=\"wp-block-heading\"><strong>\u00bfQuienes somos?<\/strong><\/h2>\n<\/div><div class=\"mx-5 sm:mx-0 prose leading-relaxed text-lg mb-5 text-left wp-paragraph\">\n<p>EL <strong>Sitios digitales de Nogueira<\/strong> naci\u00f3 del deseo de <strong>Hacer que el aprendizaje sea m\u00e1s accesible, pr\u00e1ctico y relevante<\/strong>. Nuestro equipo est\u00e1 formado por personas apasionadas por la tecnolog\u00eda y la educaci\u00f3n, comprometidas en recopilar informaci\u00f3n confiable y siempre actualizada.<\/p>\n<\/div><div class=\"mx-5 sm:mx-0 prose leading-relaxed text-lg mb-5 text-left wp-paragraph\">\n<p>No somos solo un sitio de recomendaciones, somos un <strong>espacio creado para conectarte con el conocimiento<\/strong>, ya sea a trav\u00e9s de cursos de calidad, aplicaciones innovadoras o contenidos que realmente marquen la diferencia en tu crecimiento personal y profesional.<\/p>\n<\/div><!--advertisement--><div class=\"mx-5 sm:mx-0 sm:text-3xl text-2xl font-medium title-font mb-4 text-gray-900 text-left\">\n<h2 class=\"wp-block-heading\"><strong>\u00a1Tu voz importa!<\/strong><\/h2>\n<\/div><div class=\"mx-5 sm:mx-0 prose leading-relaxed text-lg mb-5 text-left wp-paragraph\">\n<p>Queremos hacer el <strong>Sitios digitales de Nogueira<\/strong> cada vez m\u00e1s \u00fatil y relevante para usted. Tus sugerencias son fundamentales para que podamos construir un espacio que cumpla con tus necesidades y expectativas.<\/p>\n<\/div><div class=\"mx-5 sm:mx-0 prose leading-relaxed text-lg mb-5 text-left wp-paragraph\">\n<p>\u00bfHay algo que te gustar\u00eda ver aqu\u00ed? \u00a1Comparte tus ideas con nosotros! Siempre estamos abiertos a escucharte y a mejorar nuestro contenido para ofrecerte <strong>la mejor experiencia posible<\/strong>.<\/p>\n<\/div><div class=\"mx-5 sm:mx-0 prose leading-relaxed text-lg mb-5 text-left wp-paragraph\">\n<p>Explora, aprende y evoluciona con <strong>Sitios digitales de Nogueira<\/strong>!<\/p>\n<\/div>","protected":false},"excerpt":{"rendered":"<p>\u00a1Aprender nunca ha sido tan f\u00e1cil y accesible! En Nogueira Digital Sites, creemos que el conocimiento transforma vidas. Nuestro prop\u00f3sito es ser tu gu\u00eda definitiva en el mundo de los cursos, las apps y los consejos \u00fatiles, ayud\u00e1ndote a encontrar las mejores herramientas para aprender algo nuevo y optimizar tu d\u00eda a d\u00eda. Aqu\u00ed encontrar\u00e1s contenido seleccionado y\u2026 <a class=\"more-link\" href=\"https:\/\/nogueiradigitalsites.com.br\/es\/about\/\">Sigue leyendo <span class=\"screen-reader-text\">Sobre nosotros<\/span><\/a><\/p>","protected":false},"author":6,"featured_media":0,"parent":0,"menu_order":0,"comment_status":"closed","ping_status":"closed","template":"","meta":{"footnotes":""},"yoast_head":"<!-- This site is optimized with the Yoast SEO plugin v23.3 - https:\/\/yoast.com\/wordpress\/plugins\/seo\/ -->\n<title>Sobre N\u00f3s - NDS<\/title>\n<meta name=\"robots\" content=\"index, follow, max-snippet:-1, max-image-preview:large, max-video-preview:-1\" \/>\n<link rel=\"canonical\" href=\"https:\/\/nogueiradigitalsites.com.br\/es\/about\/\" \/>\n<meta property=\"og:locale\" content=\"es_MX\" \/>\n<meta property=\"og:type\" content=\"article\" \/>\n<meta property=\"og:title\" content=\"Sobre N\u00f3s - NDS\" \/>\n<meta property=\"og:description\" content=\"Aprender nunca foi t\u00e3o f\u00e1cil e acess\u00edvel! No Nogueira Digital Sites, acreditamos que o conhecimento transforma vidas. Nosso prop\u00f3sito \u00e9 ser seu principal guia no mundo dos cursos, aplicativos e dicas \u00fateis, ajudando voc\u00ea a encontrar as melhores ferramentas para aprender algo novo e otimizar seu dia a dia. Aqui, voc\u00ea encontra conte\u00fados selecionados e&hellip; Continue reading Sobre N\u00f3s\" \/>\n<meta property=\"og:url\" content=\"https:\/\/nogueiradigitalsites.com.br\/es\/about\/\" \/>\n<meta property=\"og:site_name\" content=\"NDS\" \/>\n<meta property=\"article:modified_time\" content=\"2025-01-29T17:48:50+00:00\" \/>\n<meta name=\"twitter:card\" content=\"summary_large_image\" \/>\n<meta name=\"twitter:label1\" content=\"Est. reading time\" \/>\n\t<meta name=\"twitter:data1\" content=\"2 minutos\" \/>\n<script type=\"application\/ld+json\" class=\"yoast-schema-graph\">{\"@context\":\"https:\/\/schema.org\",\"@graph\":[{\"@type\":\"WebPage\",\"@id\":\"https:\/\/nogueiradigitalsites.com.br\/about\/\",\"url\":\"https:\/\/nogueiradigitalsites.com.br\/about\/\",\"name\":\"Sobre N\u00f3s - NDS\",\"isPartOf\":{\"@id\":\"https:\/\/nogueiradigitalsites.com.br\/#website\"},\"datePublished\":\"2025-01-29T17:48:44+00:00\",\"dateModified\":\"2025-01-29T17:48:50+00:00\",\"breadcrumb\":{\"@id\":\"https:\/\/nogueiradigitalsites.com.br\/about\/#breadcrumb\"},\"inLanguage\":\"es-MX\",\"potentialAction\":[{\"@type\":\"ReadAction\",\"target\":[\"https:\/\/nogueiradigitalsites.com.br\/about\/\"]}]},{\"@type\":\"BreadcrumbList\",\"@id\":\"https:\/\/nogueiradigitalsites.com.br\/about\/#breadcrumb\",\"itemListElement\":[{\"@type\":\"ListItem\",\"position\":1,\"name\":\"Home\",\"item\":\"https:\/\/nogueiradigitalsites.com.br\/\"},{\"@type\":\"ListItem\",\"position\":2,\"name\":\"Sobre N\u00f3s\"}]},{\"@type\":\"WebSite\",\"@id\":\"https:\/\/nogueiradigitalsites.com.br\/#website\",\"url\":\"https:\/\/nogueiradigitalsites.com.br\/\",\"name\":\"NDS\",\"description\":\"\",\"potentialAction\":[{\"@type\":\"SearchAction\",\"target\":{\"@type\":\"EntryPoint\",\"urlTemplate\":\"https:\/\/nogueiradigitalsites.com.br\/?s={search_term_string}\"},\"query-input\":\"required name=search_term_string\"}],\"inLanguage\":\"es-MX\"}]}<\/script>\n<!-- \/ Yoast SEO plugin. -->","yoast_head_json":{"title":"Sobre N\u00f3s - NDS","robots":{"index":"index","follow":"follow","max-snippet":"max-snippet:-1","max-image-preview":"max-image-preview:large","max-video-preview":"max-video-preview:-1"},"canonical":"https:\/\/nogueiradigitalsites.com.br\/es\/about\/","og_locale":"es_MX","og_type":"article","og_title":"Sobre N\u00f3s - NDS","og_description":"Aprender nunca foi t\u00e3o f\u00e1cil e acess\u00edvel! No Nogueira Digital Sites, acreditamos que o conhecimento transforma vidas. Nosso prop\u00f3sito \u00e9 ser seu principal guia no mundo dos cursos, aplicativos e dicas \u00fateis, ajudando voc\u00ea a encontrar as melhores ferramentas para aprender algo novo e otimizar seu dia a dia. Aqui, voc\u00ea encontra conte\u00fados selecionados e&hellip; Continue reading Sobre N\u00f3s","og_url":"https:\/\/nogueiradigitalsites.com.br\/es\/about\/","og_site_name":"NDS","article_modified_time":"2025-01-29T17:48:50+00:00","twitter_card":"summary_large_image","twitter_misc":{"Est. reading time":"2 minutos"},"schema":{"@context":"https:\/\/schema.org","@graph":[{"@type":"WebPage","@id":"https:\/\/nogueiradigitalsites.com.br\/about\/","url":"https:\/\/nogueiradigitalsites.com.br\/about\/","name":"Sobre N\u00f3s - NDS","isPartOf":{"@id":"https:\/\/nogueiradigitalsites.com.br\/#website"},"datePublished":"2025-01-29T17:48:44+00:00","dateModified":"2025-01-29T17:48:50+00:00","breadcrumb":{"@id":"https:\/\/nogueiradigitalsites.com.br\/about\/#breadcrumb"},"inLanguage":"es-MX","potentialAction":[{"@type":"ReadAction","target":["https:\/\/nogueiradigitalsites.com.br\/about\/"]}]},{"@type":"BreadcrumbList","@id":"https:\/\/nogueiradigitalsites.com.br\/about\/#breadcrumb","itemListElement":[{"@type":"ListItem","position":1,"name":"Home","item":"https:\/\/nogueiradigitalsites.com.br\/"},{"@type":"ListItem","position":2,"name":"Sobre N\u00f3s"}]},{"@type":"WebSite","@id":"https:\/\/nogueiradigitalsites.com.br\/#website","url":"https:\/\/nogueiradigitalsites.com.br\/","name":"NDS","description":"","potentialAction":[{"@type":"SearchAction","target":{"@type":"EntryPoint","urlTemplate":"https:\/\/nogueiradigitalsites.com.br\/?s={search_term_string}"},"query-input":"required name=search_term_string"}],"inLanguage":"es-MX"}]}},"_links":{"self":[{"href":"https:\/\/nogueiradigitalsites.com.br\/es\/wp-json\/wp\/v2\/pages\/190"}],"collection":[{"href":"https:\/\/nogueiradigitalsites.com.br\/es\/wp-json\/wp\/v2\/pages"}],"about":[{"href":"https:\/\/nogueiradigitalsites.com.br\/es\/wp-json\/wp\/v2\/types\/page"}],"author":[{"embeddable":true,"href":"https:\/\/nogueiradigitalsites.com.br\/es\/wp-json\/wp\/v2\/users\/6"}],"replies":[{"embeddable":true,"href":"https:\/\/nogueiradigitalsites.com.br\/es\/wp-json\/wp\/v2\/comments?post=190"}],"version-history":[{"count":1,"href":"https:\/\/nogueiradigitalsites.com.br\/es\/wp-json\/wp\/v2\/pages\/190\/revisions"}],"predecessor-version":[{"id":191,"href":"https:\/\/nogueiradigitalsites.com.br\/es\/wp-json\/wp\/v2\/pages\/190\/revisions\/191"}],"wp:attachment":[{"href":"https:\/\/nogueiradigitalsites.com.br\/es\/wp-json\/wp\/v2\/media?parent=190"}],"curies":[{"name":"wp","href":"https:\/\/api.w.org\/{rel}","templated":true}]}}