{"id":190,"date":"2025-01-29T17:48:44","date_gmt":"2025-01-29T17:48:44","guid":{"rendered":"https:\/\/nogueiradigitalsites.com.br\/?page_id=190"},"modified":"2025-01-29T17:48:50","modified_gmt":"2025-01-29T17:48:50","slug":"about","status":"publish","type":"page","link":"https:\/\/nogueiradigitalsites.com.br\/en\/about\/","title":{"rendered":"About Us"},"content":{"rendered":"<!--advertisement--><div class=\"mx-5 sm:mx-0 sm:text-3xl text-2xl font-medium title-font mb-4 text-gray-900 text-left\">\n<h2 class=\"wp-block-heading\"><strong>Learning has never been so easy and accessible!<\/strong><\/h2>\n<\/div><div class=\"mx-5 sm:mx-0 prose leading-relaxed text-lg mb-5 text-left wp-paragraph\">\n<p>Node <strong>Nogueira Digital Sites<\/strong>, we believe that <strong>knowledge transforms lives<\/strong>. Our purpose is to be your main <strong>guide to the world of courses, apps and useful tips<\/strong>, helping you find the best tools to learn something new and optimize your daily life.<\/p>\n<\/div><div class=\"mx-5 sm:mx-0 prose leading-relaxed text-lg mb-5 text-left wp-paragraph\">\n<p>Here, you will find selected and organized content to facilitate your learning journey. Whether exploring a <strong>new online course<\/strong>, discovering <strong>apps that increase your productivity<\/strong> or finding <strong>practical tips<\/strong> to enhance skills, we are here to help you take the next step.<\/p>\n<\/div><!--advertisement--><div class=\"mx-5 sm:mx-0 sm:text-3xl text-2xl font-medium title-font mb-4 text-gray-900 text-left\">\n<h2 class=\"wp-block-heading\"><strong>Who are we?<\/strong><\/h2>\n<\/div><div class=\"mx-5 sm:mx-0 prose leading-relaxed text-lg mb-5 text-left wp-paragraph\">\n<p>THE <strong>Nogueira Digital Sites<\/strong> was born from the desire to <strong>make learning more accessible, practical and relevant<\/strong>. Our team is made up of people who are passionate about technology and education, committed to gathering reliable and always up-to-date information.<\/p>\n<\/div><div class=\"mx-5 sm:mx-0 prose leading-relaxed text-lg mb-5 text-left wp-paragraph\">\n<p>We&#039;re not just a recommendation site \u2013 we&#039;re a <strong>space created to connect you to knowledge<\/strong>, whether through quality courses, innovative applications or content that really makes a difference in your personal and professional growth.<\/p>\n<\/div><!--advertisement--><div class=\"mx-5 sm:mx-0 sm:text-3xl text-2xl font-medium title-font mb-4 text-gray-900 text-left\">\n<h2 class=\"wp-block-heading\"><strong>Your Voice Matters!<\/strong><\/h2>\n<\/div><div class=\"mx-5 sm:mx-0 prose leading-relaxed text-lg mb-5 text-left wp-paragraph\">\n<p>We want to make the <strong>Nogueira Digital Sites<\/strong> increasingly useful and relevant to you. Your suggestions are essential for us to build a space that meets your needs and expectations.<\/p>\n<\/div><div class=\"mx-5 sm:mx-0 prose leading-relaxed text-lg mb-5 text-left wp-paragraph\">\n<p>Is there anything you would like to see here? Share your ideas with us! We are always open to hearing from you and improving our content to offer <strong>the best possible experience<\/strong>.<\/p>\n<\/div><div class=\"mx-5 sm:mx-0 prose leading-relaxed text-lg mb-5 text-left wp-paragraph\">\n<p>Explore, learn and evolve with <strong>Nogueira Digital Sites<\/strong>!<\/p>\n<\/div>","protected":false},"excerpt":{"rendered":"<p>Learning has never been so easy and accessible! At Nogueira Digital Sites, we believe that knowledge transforms lives. Our purpose is to be your main guide in the world of courses, apps and useful tips, helping you find the best tools to learn something new and optimize your day-to-day life. Here, you will find selected content and\u2026 <a class=\"more-link\" href=\"https:\/\/nogueiradigitalsites.com.br\/en\/about\/\">Continue reading <span class=\"screen-reader-text\">About Us<\/span><\/a><\/p>","protected":false},"author":6,"featured_media":0,"parent":0,"menu_order":0,"comment_status":"closed","ping_status":"closed","template":"","meta":{"footnotes":""},"yoast_head":"<!-- This site is optimized with the Yoast SEO plugin v23.3 - https:\/\/yoast.com\/wordpress\/plugins\/seo\/ -->\n<title>Sobre N\u00f3s - NDS<\/title>\n<meta name=\"robots\" content=\"index, follow, max-snippet:-1, max-image-preview:large, max-video-preview:-1\" \/>\n<link rel=\"canonical\" href=\"https:\/\/nogueiradigitalsites.com.br\/en\/about\/\" \/>\n<meta property=\"og:locale\" content=\"en_US\" \/>\n<meta property=\"og:type\" content=\"article\" \/>\n<meta property=\"og:title\" content=\"Sobre N\u00f3s - NDS\" \/>\n<meta property=\"og:description\" content=\"Aprender nunca foi t\u00e3o f\u00e1cil e acess\u00edvel! No Nogueira Digital Sites, acreditamos que o conhecimento transforma vidas. Nosso prop\u00f3sito \u00e9 ser seu principal guia no mundo dos cursos, aplicativos e dicas \u00fateis, ajudando voc\u00ea a encontrar as melhores ferramentas para aprender algo novo e otimizar seu dia a dia. Aqui, voc\u00ea encontra conte\u00fados selecionados e&hellip; Continue reading Sobre N\u00f3s\" \/>\n<meta property=\"og:url\" content=\"https:\/\/nogueiradigitalsites.com.br\/en\/about\/\" \/>\n<meta property=\"og:site_name\" content=\"NDS\" \/>\n<meta property=\"article:modified_time\" content=\"2025-01-29T17:48:50+00:00\" \/>\n<meta name=\"twitter:card\" content=\"summary_large_image\" \/>\n<meta name=\"twitter:label1\" content=\"Est. reading time\" \/>\n\t<meta name=\"twitter:data1\" content=\"2 minutes\" \/>\n<script type=\"application\/ld+json\" class=\"yoast-schema-graph\">{\"@context\":\"https:\/\/schema.org\",\"@graph\":[{\"@type\":\"WebPage\",\"@id\":\"https:\/\/nogueiradigitalsites.com.br\/about\/\",\"url\":\"https:\/\/nogueiradigitalsites.com.br\/about\/\",\"name\":\"Sobre N\u00f3s - NDS\",\"isPartOf\":{\"@id\":\"https:\/\/nogueiradigitalsites.com.br\/#website\"},\"datePublished\":\"2025-01-29T17:48:44+00:00\",\"dateModified\":\"2025-01-29T17:48:50+00:00\",\"breadcrumb\":{\"@id\":\"https:\/\/nogueiradigitalsites.com.br\/about\/#breadcrumb\"},\"inLanguage\":\"en-US\",\"potentialAction\":[{\"@type\":\"ReadAction\",\"target\":[\"https:\/\/nogueiradigitalsites.com.br\/about\/\"]}]},{\"@type\":\"BreadcrumbList\",\"@id\":\"https:\/\/nogueiradigitalsites.com.br\/about\/#breadcrumb\",\"itemListElement\":[{\"@type\":\"ListItem\",\"position\":1,\"name\":\"Home\",\"item\":\"https:\/\/nogueiradigitalsites.com.br\/\"},{\"@type\":\"ListItem\",\"position\":2,\"name\":\"Sobre N\u00f3s\"}]},{\"@type\":\"WebSite\",\"@id\":\"https:\/\/nogueiradigitalsites.com.br\/#website\",\"url\":\"https:\/\/nogueiradigitalsites.com.br\/\",\"name\":\"NDS\",\"description\":\"\",\"potentialAction\":[{\"@type\":\"SearchAction\",\"target\":{\"@type\":\"EntryPoint\",\"urlTemplate\":\"https:\/\/nogueiradigitalsites.com.br\/?s={search_term_string}\"},\"query-input\":\"required name=search_term_string\"}],\"inLanguage\":\"en-US\"}]}<\/script>\n<!-- \/ Yoast SEO plugin. -->","yoast_head_json":{"title":"Sobre N\u00f3s - NDS","robots":{"index":"index","follow":"follow","max-snippet":"max-snippet:-1","max-image-preview":"max-image-preview:large","max-video-preview":"max-video-preview:-1"},"canonical":"https:\/\/nogueiradigitalsites.com.br\/en\/about\/","og_locale":"en_US","og_type":"article","og_title":"Sobre N\u00f3s - NDS","og_description":"Aprender nunca foi t\u00e3o f\u00e1cil e acess\u00edvel! No Nogueira Digital Sites, acreditamos que o conhecimento transforma vidas. Nosso prop\u00f3sito \u00e9 ser seu principal guia no mundo dos cursos, aplicativos e dicas \u00fateis, ajudando voc\u00ea a encontrar as melhores ferramentas para aprender algo novo e otimizar seu dia a dia. Aqui, voc\u00ea encontra conte\u00fados selecionados e&hellip; Continue reading Sobre N\u00f3s","og_url":"https:\/\/nogueiradigitalsites.com.br\/en\/about\/","og_site_name":"NDS","article_modified_time":"2025-01-29T17:48:50+00:00","twitter_card":"summary_large_image","twitter_misc":{"Est. reading time":"2 minutes"},"schema":{"@context":"https:\/\/schema.org","@graph":[{"@type":"WebPage","@id":"https:\/\/nogueiradigitalsites.com.br\/about\/","url":"https:\/\/nogueiradigitalsites.com.br\/about\/","name":"Sobre N\u00f3s - NDS","isPartOf":{"@id":"https:\/\/nogueiradigitalsites.com.br\/#website"},"datePublished":"2025-01-29T17:48:44+00:00","dateModified":"2025-01-29T17:48:50+00:00","breadcrumb":{"@id":"https:\/\/nogueiradigitalsites.com.br\/about\/#breadcrumb"},"inLanguage":"en-US","potentialAction":[{"@type":"ReadAction","target":["https:\/\/nogueiradigitalsites.com.br\/about\/"]}]},{"@type":"BreadcrumbList","@id":"https:\/\/nogueiradigitalsites.com.br\/about\/#breadcrumb","itemListElement":[{"@type":"ListItem","position":1,"name":"Home","item":"https:\/\/nogueiradigitalsites.com.br\/"},{"@type":"ListItem","position":2,"name":"Sobre N\u00f3s"}]},{"@type":"WebSite","@id":"https:\/\/nogueiradigitalsites.com.br\/#website","url":"https:\/\/nogueiradigitalsites.com.br\/","name":"NDS","description":"","potentialAction":[{"@type":"SearchAction","target":{"@type":"EntryPoint","urlTemplate":"https:\/\/nogueiradigitalsites.com.br\/?s={search_term_string}"},"query-input":"required name=search_term_string"}],"inLanguage":"en-US"}]}},"_links":{"self":[{"href":"https:\/\/nogueiradigitalsites.com.br\/en\/wp-json\/wp\/v2\/pages\/190"}],"collection":[{"href":"https:\/\/nogueiradigitalsites.com.br\/en\/wp-json\/wp\/v2\/pages"}],"about":[{"href":"https:\/\/nogueiradigitalsites.com.br\/en\/wp-json\/wp\/v2\/types\/page"}],"author":[{"embeddable":true,"href":"https:\/\/nogueiradigitalsites.com.br\/en\/wp-json\/wp\/v2\/users\/6"}],"replies":[{"embeddable":true,"href":"https:\/\/nogueiradigitalsites.com.br\/en\/wp-json\/wp\/v2\/comments?post=190"}],"version-history":[{"count":1,"href":"https:\/\/nogueiradigitalsites.com.br\/en\/wp-json\/wp\/v2\/pages\/190\/revisions"}],"predecessor-version":[{"id":191,"href":"https:\/\/nogueiradigitalsites.com.br\/en\/wp-json\/wp\/v2\/pages\/190\/revisions\/191"}],"wp:attachment":[{"href":"https:\/\/nogueiradigitalsites.com.br\/en\/wp-json\/wp\/v2\/media?parent=190"}],"curies":[{"name":"wp","href":"https:\/\/api.w.org\/{rel}","templated":true}]}}